{"id":43599,"date":"2022-06-16T16:59:52","date_gmt":"2022-06-16T16:59:52","guid":{"rendered":"https:\/\/www.northafricatrees.org\/la-proteccion-de-las-especies-amenazadas\/"},"modified":"2023-05-21T17:08:36","modified_gmt":"2023-05-21T17:08:36","slug":"la-proteccion-de-las-especies-amenazadas","status":"publish","type":"page","link":"https:\/\/www.northafricatrees.org\/fr\/la-proteccion-de-las-especies-amenazadas\/","title":{"rendered":"La protection des esp\u00e8ces menac\u00e9es"},"content":{"rendered":"<h1><strong>La protection des esp\u00e8ces menac\u00e9es<\/strong><\/h1>\n<p>Au milieu du XXe si\u00e8cle, l&rsquo;humanit\u00e9 prend de plus en plus conscience de son impact sur la biodiversit\u00e9 de la plan\u00e8te, \u00e9tant responsable directement ou indirectement de la disparition d&rsquo;un grand nombre d&rsquo;esp\u00e8ces. Diverses organisations r\u00e9gionales, nationales et internationales cr\u00e9ent des listes rouges d&rsquo;esp\u00e8ces menac\u00e9es, ainsi que des lois et des d\u00e9crets pour les prot\u00e9ger d\u2019un point de vue juridique.<\/p>\n<p>Parmi les listes mentionn\u00e9es s\u2019illustre celle de l&rsquo;Union internationale pour la conservation de la nature (UICN). Il s&rsquo;agit d&rsquo;une organisation qui agroupe plus de 200\u00a0\u00c9tats et agences gouvernementales, plus de 1100 ONG et plus de 10\u00a0000 experts qui \u00e9valuent l&rsquo;\u00e9tat des ressources naturelles. Ainsi, un mode d&rsquo;\u00e9valuation et de catalogage des esp\u00e8ces a \u00e9t\u00e9 normalis\u00e9, aujourd\u2019hui utilis\u00e9 par presque tous les pays et scientifiques du monde pour la prise de mesures de protection ad\u00e9quates. Il s&rsquo;agit de la Liste rouge de l&rsquo;UICN des esp\u00e8ces menac\u00e9es <a href=\"https:\/\/www.iucnredlist.org\/fr\/\">https:\/\/www.iucnredlist.org\/fr\/<\/a>.<\/p>\n<div id=\"attachment_43672\" style=\"width: 610px\" class=\"wp-caption aligncenter\"><a ref=\"magnificPopup\" href=\"https:\/\/www.northafricatrees.org\/wp-content\/uploads\/2022\/06\/Red-List-Logo-Fr-scaled.jpg\"><img aria-describedby=\"caption-attachment-43672\" loading=\"lazy\" class=\"wp-image-43672\" src=\"https:\/\/www.northafricatrees.org\/wp-content\/uploads\/2022\/06\/Red-List-Logo-Fr-300x200.jpg\" alt=\"\" width=\"600\" height=\"400\" srcset=\"https:\/\/www.northafricatrees.org\/wp-content\/uploads\/2022\/06\/Red-List-Logo-Fr-300x200.jpg 300w, https:\/\/www.northafricatrees.org\/wp-content\/uploads\/2022\/06\/Red-List-Logo-Fr-1024x682.jpg 1024w\" sizes=\"(max-width: 600px) 100vw, 600px\" \/><\/a><p id=\"caption-attachment-43672\" class=\"wp-caption-text\">Les cat\u00e9gories \u00e9tablies par l&rsquo;UICN pour \u00e9valuer l&rsquo;\u00e9tat de conservation des esp\u00e8ces.<\/p><\/div>\n<p>Il existe d\u2019autre part une Convention sur le commerce international des esp\u00e8ces de faune et de flore sauvages menac\u00e9es d&rsquo;extinction (CITES). Il s&rsquo;agit d&rsquo;un accord international qui vise \u00e0 garantir que le commerce international d&rsquo;esp\u00e8ces animales et v\u00e9g\u00e9tales sauvages (l&rsquo;une des principales menaces pour de nombreuses esp\u00e8ces) ne contribue pas \u00e0 leur extinction. Actuellement, 183 pays et organisations r\u00e9gionales d&rsquo;int\u00e9gration \u00e9conomique font partie de cette convention. <a href=\"https:\/\/cites.org\/fra\">https:\/\/cites.org\/fra<\/a><\/p>\n<p><img loading=\"lazy\" class=\"size-medium wp-image-43579 aligncenter\" src=\"https:\/\/www.northafricatrees.org\/wp-content\/uploads\/2022\/06\/CITES-300x291.jpg\" alt=\"\" width=\"300\" height=\"291\" srcset=\"https:\/\/www.northafricatrees.org\/wp-content\/uploads\/2022\/06\/CITES-300x291.jpg 300w, https:\/\/www.northafricatrees.org\/wp-content\/uploads\/2022\/06\/CITES.jpg 320w\" sizes=\"(max-width: 300px) 100vw, 300px\" \/><\/p>\n<p>Les pays qui font partie de ces institutions se sont engag\u00e9s \u00e0 sauvegarder leurs esp\u00e8ces menac\u00e9es par le biais de lois et d&rsquo;autres activit\u00e9s de protection. Dans le nord de l\u2019Afrique, qui h\u00e9berge une biodiversit\u00e9 importante et pr\u00e9cieuse, la l\u00e9gislation \u00e0 cet \u00e9gard n&rsquo;est actuellement pas uniforme, avec de grandes diff\u00e9rences entre les pays.<\/p>\n<p>Au Maroc, il existe depuis plus d&rsquo;un si\u00e8cle une l\u00e9gislation en mati\u00e8re de protection, comme par exemple le Dahir du 10 octobre 1917 sur la conservation et l&rsquo;exploitation des for\u00eats, modifi\u00e9 par la suite (1953, 1959 ou 1991). De plus, le Dahir du 4 mars 1925 sur la protection et la d\u00e9limitation des for\u00eats d\u2019arganiers a \u00e9t\u00e9 publi\u00e9 afin de mieux l&rsquo;adapter \u00e0 la gestion et \u00e0 la conservation des masses d&rsquo;arganiers. Dans les ann\u00e9es suivantes, cette loi a \u00e9t\u00e9 modifi\u00e9e avec des textes r\u00e9sum\u00e9s \u00e0 posteriori dans le Dahir du 28 mars 1951.<\/p>\n<p>La participation sociale \u00e0 la gestion foresti\u00e8re a \u00e9t\u00e9 \u00e9tablie \u00e0 travers le Dahir du 20 Septembre 1976 portant loi n\u00b0 1-76-350 relatif \u00e0 l&rsquo;organisation de la participation des populations au d\u00e9veloppement de l&rsquo;\u00e9conomie foresti\u00e8re. La protection des for\u00eats a toujours \u00e9t\u00e9 une pr\u00e9occupation majeure au Maroc, le d\u00e9sert progressant inlassablement vers le nord. Ainsi, en marge des normes d\u00e9j\u00e0 \u00e9tablies, l\u2019Arr\u00eat\u00e9 du 21 mars 2002 fixant les limites, conditions et modalit\u00e9s de demande et d&rsquo;octroi de la compensation pour mises en d\u00e9fens du domaine forestier \u00e0 exploiter ou \u00e0 r\u00e9g\u00e9n\u00e9rer. Plus tard, le Dahir du 12 mai 2003 a permis d\u2019\u00e9tablir les normes de base pour la protection et la mise en valeur de l&rsquo;environnement.<\/p>\n<p>En 2011, la loi 29-05 relative \u00e0 la protection des esp\u00e8ces de faune et de flore sauvages et au contr\u00f4le de leur commerce a \u00e9t\u00e9 approuv\u00e9e. Son d\u00e9cret d&rsquo;application est apparu en 2015, avec une br\u00e8ve liste compl\u00e9mentaire d&rsquo;esp\u00e8ces non couvertes par la CITES, comme le sapin du Maroc (<em>Abies maroccana<\/em>) ou l&rsquo;if (<em>Taxus baccata<\/em>). Concernant les listes rouges, notre collaborateur, Mohamed Fennane (avec la collaboration de Ibn Tattou, M. &amp; El Oualidi, J.), de l&rsquo;Institut Scientifique de Rabat, vient de publier (2021) le Livre rouge de la flore vasculaire du Maroc.<\/p>\n<p>Pour sa part, l&rsquo;Alg\u00e9rie dispose \u00e9galement d&rsquo;un corpus l\u00e9gislatif relativement avanc\u00e9 pour la protection de la nature. Elle dispose d&rsquo;une loi int\u00e9ressante (du 19 juillet 2003), relative \u00e0 la protection de l&rsquo;environnement dans le cadre du d\u00e9veloppement durable.<\/p>\n<p>Par ailleurs, par le d\u00e9cret ex\u00e9cutif 12-03 du 4 janvier 2012, elle a \u00e9tabli sa liste des esp\u00e8ces v\u00e9g\u00e9tales sauvages prot\u00e9g\u00e9es (non cultiv\u00e9es), qui abroge les dispositions du pr\u00e9c\u00e9dent d\u00e9cret similaire du 23 novembre 1993. Les crit\u00e8res de s\u00e9lection des esp\u00e8ces \u00e0 prot\u00e9ger sont significatifs\u00a0: celles qui sont menac\u00e9es d&rsquo;extinction et celles qui ont un int\u00e9r\u00eat dans les domaines de la g\u00e9n\u00e9tique, de la m\u00e9decine, de l&rsquo;agronomie, de l&rsquo;\u00e9conomie, de la culture et de la science en g\u00e9n\u00e9rale. Au total, une liste de 27 pages qui comprend des cryptogames, des gymnospermes et des angiospermes prot\u00e9g\u00e9s.<\/p>\n<p>La destruction, l&rsquo;abattage, la mutilation, l&rsquo;arrachage, la r\u00e9colte des plantes, de leur fructification ou de tout autre \u00e9l\u00e9ment de l&rsquo;esp\u00e8ce, le transport, l&rsquo;utilisation, la possession, l&rsquo;achat et la vente sont interdits dans toute l&rsquo;Alg\u00e9rie. Pour celles qui pr\u00e9sentent un int\u00e9r\u00eat scientifique et\/ou socio-\u00e9conomique \u00e9lev\u00e9, des autorisations de collecte conjointes peuvent \u00eatre d\u00e9livr\u00e9es par les minist\u00e8res de l&rsquo;Environnement et de l&rsquo;Agriculture.<\/p>\n<p>Le gouvernement tunisien dispose d&rsquo;un code forestier complet datant de 1966, consolid\u00e9 en 1988 et dot\u00e9 de plusieurs modifications ult\u00e9rieures, telles que celles de 2001 et 2005. Plus tard, le 19 juillet 2006, a \u00e9t\u00e9 publi\u00e9 un arr\u00eat\u00e9 du ministre de l&rsquo;Agriculture et des Ressources hydrauliques destin\u00e9 \u00e0 faciliter la protection de ses esp\u00e8ces les plus menac\u00e9es et comprenant une liste des esp\u00e8ces rares de la faune et de la flore sauvages menac\u00e9es d&rsquo;extinction.<\/p>\n<p>En Libye, la protection de l&rsquo;environnement est assujettie \u00e0 la loi n\u00b0\u00a07\/1982. Cependant, comme la protection de la v\u00e9g\u00e9tation naturelle en g\u00e9n\u00e9ral et des for\u00eats en particulier a toujours constitu\u00e9 une pr\u00e9occupation majeure, le pays disposait d\u00e9j\u00e0 d\u2019une l\u00e9gislation forte 30 ans plus t\u00f4t. Ainsi, au milieu du XXe si\u00e8cle, la loi n\u00b0\u00a025\/1950 sur la protection des for\u00eats a \u00e9t\u00e9 approuv\u00e9e. 6 ans plus tard, la loi n\u00b0\u00a012\/1956 sur la gestion foresti\u00e8re. Dans les ann\u00e9es 1970, la loi n\u00b0\u00a047\/1971 sur la protection des for\u00eats et des p\u00e2turages a \u00e9t\u00e9 publi\u00e9e et, dans la d\u00e9cennie suivante, ce fut le tour de la loi n\u00b0\u00a05\/1982 sur la protection des for\u00eats et des p\u00e2turages, modifi\u00e9e par la loi n\u00b0 14\/1992. En plus de cette l\u00e9gislation, la Libye poss\u00e8de de nombreux parcs nationaux et r\u00e9serves naturelles, dans de nombreux cas destin\u00e9s \u00e0 prot\u00e9ger ses pr\u00e9cieuses for\u00eats.<\/p>\n<p>Au cours des derni\u00e8res d\u00e9cennies, plusieurs listes de la flore libyenne ont \u00e9t\u00e9 publi\u00e9es, tant au niveau r\u00e9gional que national, mais une Liste rouge des esp\u00e8ces menac\u00e9es se fait encore attendre.<\/p>\n<p>En \u00c9gypte, la loi environnementale 4\/1994 et ses r\u00e8glements d&rsquo;application approuv\u00e9s par le d\u00e9cret 388\/1995 constituent le cadre l\u00e9gislatif de la protection de l&rsquo;environnement dans le pays et pr\u00e9voient l&rsquo;interdiction de chasser certaines esp\u00e8ces de la faune.<\/p>\n<p>Concernant l&rsquo;\u00e9valuation de l&rsquo;\u00e9tat de conservation de la flore \u00e9gyptienne, El Hadidi, Batanouny &amp; Fahmy ont publi\u00e9 en 1991 le livre rouge des arbres et arbustes \u00e9gyptiens\u00a0: <em>The Egyptian plant red data book<\/em>. Volume 1, contenant 226 pages. Un an plus tard, il a \u00e9t\u00e9 compl\u00e9t\u00e9 par <em>The Plant Red Data Book of Egypt<\/em>. En 2000, El Hadidi &amp; Hosni l&rsquo;ont publi\u00e9 sous forme de liste dans le Vol. 1 de <em>Flora Aegyptiaca<\/em>. <span class=\"HwtZe\" lang=\"fr\"><span class=\"jCAhz ChMk0b\"><span class=\"ryNqvb\">Plus r\u00e9cemment, Bedair (2020), dans sa th\u00e8se, actualise ces \u00e9valuations pour les 214 esp\u00e8ces d&rsquo;arbres et d&rsquo;arbustes autochtones d&rsquo;\u00c9gypte.<\/span><\/span><\/span> En 2021, El Khalafy, Shaltout &amp; Ahmed mettent \u00e0 jour et \u00e9valuent l\u2019\u00e9tat de conservation des plantes end\u00e9miques de la flore \u00e9gyptienne. En 2023 Shaltout &amp; Bedair mettent \u00e0 jour la liste rouge des arbustes et petits arbresd&rsquo;Egypte.<\/p>\n<p>Parmi les autres pays du nord de l\u2019Afrique qui ont adopt\u00e9 des mesures sp\u00e9cifiques en l\u00e9gif\u00e9rant et en dressant des listes d&rsquo;esp\u00e8ces v\u00e9g\u00e9tales menac\u00e9es et\/ou prot\u00e9g\u00e9es, il convient de citer la R\u00e9publique du Mali et son d\u00e9cret 07-155\/P-RM du 10 mai 2007. Ce d\u00e9cret r\u00e9glemente les autorisations d&rsquo;utilisation d&rsquo;une s\u00e9rie de plantes sauvages non incluses dans les annexes de la CITES.<\/p>\n","protected":false},"excerpt":{"rendered":"<p>La protection des esp\u00e8ces menac\u00e9es Au milieu du XXe si\u00e8cle, l&rsquo;humanit\u00e9 prend de plus en plus conscience de son impact sur la biodiversit\u00e9 de la plan\u00e8te, \u00e9tant responsable directement ou indirectement de la disparition d&rsquo;un grand nombre d&rsquo;esp\u00e8ces. Diverses organisations r\u00e9gionales, nationales et internationales cr\u00e9ent des listes rouges d&rsquo;esp\u00e8ces menac\u00e9es, ainsi que des lois et&#8230;<\/p>\n","protected":false},"author":2,"featured_media":0,"parent":0,"menu_order":0,"comment_status":"closed","ping_status":"closed","template":"","meta":[],"yoast_head":"<!-- This site is optimized with the Yoast SEO plugin v15.6.2 - https:\/\/yoast.com\/wordpress\/plugins\/seo\/ -->\n<title>La protection des esp\u00e8ces menac\u00e9es - North Africa Trees<\/title>\n<meta name=\"robots\" content=\"index, follow, max-snippet:-1, max-image-preview:large, max-video-preview:-1\" \/>\n<link rel=\"canonical\" href=\"https:\/\/www.northafricatrees.org\/fr\/la-proteccion-de-las-especies-amenazadas\/\" \/>\n<meta property=\"og:locale\" content=\"fr_FR\" \/>\n<meta property=\"og:type\" content=\"article\" \/>\n<meta property=\"og:title\" content=\"La protection des esp\u00e8ces menac\u00e9es - North Africa Trees\" \/>\n<meta property=\"og:description\" content=\"La protection des esp\u00e8ces menac\u00e9es Au milieu du XXe si\u00e8cle, l&rsquo;humanit\u00e9 prend de plus en plus conscience de son impact sur la biodiversit\u00e9 de la plan\u00e8te, \u00e9tant responsable directement ou indirectement de la disparition d&rsquo;un grand nombre d&rsquo;esp\u00e8ces. Diverses organisations r\u00e9gionales, nationales et internationales cr\u00e9ent des listes rouges d&rsquo;esp\u00e8ces menac\u00e9es, ainsi que des lois et...\" \/>\n<meta property=\"og:url\" content=\"https:\/\/www.northafricatrees.org\/fr\/la-proteccion-de-las-especies-amenazadas\/\" \/>\n<meta property=\"og:site_name\" content=\"North Africa Trees\" \/>\n<meta property=\"article:modified_time\" content=\"2023-05-21T17:08:36+00:00\" \/>\n<meta property=\"og:image\" content=\"https:\/\/www.northafricatrees.org\/wp-content\/uploads\/2022\/06\/Red-List-Logo-Fr-300x200.jpg\" \/>\n<meta name=\"twitter:card\" content=\"summary_large_image\" \/>\n<meta name=\"twitter:label1\" content=\"Dur\u00e9e de lecture est.\">\n\t<meta name=\"twitter:data1\" content=\"6 minutes\">\n<script type=\"application\/ld+json\" class=\"yoast-schema-graph\">{\"@context\":\"https:\/\/schema.org\",\"@graph\":[{\"@type\":\"Organization\",\"@id\":\"https:\/\/www.northafricatrees.org\/#organization\",\"name\":\"North \\u00e1frica trees\",\"url\":\"https:\/\/www.northafricatrees.org\/\",\"sameAs\":[],\"logo\":{\"@type\":\"ImageObject\",\"@id\":\"https:\/\/www.northafricatrees.org\/#logo\",\"inLanguage\":\"fr-FR\",\"url\":\"https:\/\/www.northafricatrees.org\/wp-content\/uploads\/2020\/10\/logo-north-africa-trees.png\",\"width\":80,\"height\":70,\"caption\":\"North \\u00e1frica trees\"},\"image\":{\"@id\":\"https:\/\/www.northafricatrees.org\/#logo\"}},{\"@type\":\"WebSite\",\"@id\":\"https:\/\/www.northafricatrees.org\/#website\",\"url\":\"https:\/\/www.northafricatrees.org\/\",\"name\":\"North Africa Trees\",\"description\":\"\\u00c1rboles y arbustos aut\\u00f3ctonos del Norte de \\u00c1frica\",\"publisher\":{\"@id\":\"https:\/\/www.northafricatrees.org\/#organization\"},\"potentialAction\":[{\"@type\":\"SearchAction\",\"target\":\"https:\/\/www.northafricatrees.org\/?s={search_term_string}\",\"query-input\":\"required name=search_term_string\"}],\"inLanguage\":\"fr-FR\"},{\"@type\":\"ImageObject\",\"@id\":\"https:\/\/www.northafricatrees.org\/fr\/la-proteccion-de-las-especies-amenazadas\/#primaryimage\",\"inLanguage\":\"fr-FR\",\"url\":\"https:\/\/www.northafricatrees.org\/wp-content\/uploads\/2022\/06\/Red-List-Logo-Fr-scaled.jpg\",\"width\":2560,\"height\":1705},{\"@type\":\"WebPage\",\"@id\":\"https:\/\/www.northafricatrees.org\/fr\/la-proteccion-de-las-especies-amenazadas\/#webpage\",\"url\":\"https:\/\/www.northafricatrees.org\/fr\/la-proteccion-de-las-especies-amenazadas\/\",\"name\":\"La protection des esp\\u00e8ces menac\\u00e9es - North Africa Trees\",\"isPartOf\":{\"@id\":\"https:\/\/www.northafricatrees.org\/#website\"},\"primaryImageOfPage\":{\"@id\":\"https:\/\/www.northafricatrees.org\/fr\/la-proteccion-de-las-especies-amenazadas\/#primaryimage\"},\"datePublished\":\"2022-06-16T16:59:52+00:00\",\"dateModified\":\"2023-05-21T17:08:36+00:00\",\"inLanguage\":\"fr-FR\",\"potentialAction\":[{\"@type\":\"ReadAction\",\"target\":[\"https:\/\/www.northafricatrees.org\/fr\/la-proteccion-de-las-especies-amenazadas\/\"]}]}]}<\/script>\n<!-- \/ Yoast SEO plugin. -->","_links":{"self":[{"href":"https:\/\/www.northafricatrees.org\/fr\/wp-json\/wp\/v2\/pages\/43599"}],"collection":[{"href":"https:\/\/www.northafricatrees.org\/fr\/wp-json\/wp\/v2\/pages"}],"about":[{"href":"https:\/\/www.northafricatrees.org\/fr\/wp-json\/wp\/v2\/types\/page"}],"author":[{"embeddable":true,"href":"https:\/\/www.northafricatrees.org\/fr\/wp-json\/wp\/v2\/users\/2"}],"replies":[{"embeddable":true,"href":"https:\/\/www.northafricatrees.org\/fr\/wp-json\/wp\/v2\/comments?post=43599"}],"version-history":[{"count":0,"href":"https:\/\/www.northafricatrees.org\/fr\/wp-json\/wp\/v2\/pages\/43599\/revisions"}],"wp:attachment":[{"href":"https:\/\/www.northafricatrees.org\/fr\/wp-json\/wp\/v2\/media?parent=43599"}],"curies":[{"name":"wp","href":"https:\/\/api.w.org\/{rel}","templated":true}]}}